{"id":8511,"date":"2025-05-27T16:12:25","date_gmt":"2025-05-27T13:12:25","guid":{"rendered":"https:\/\/travelayt.com\/?page_id=8511"},"modified":"2025-06-04T19:04:00","modified_gmt":"2025-06-04T16:04:00","slug":"ucak-biletleri","status":"publish","type":"page","link":"https:\/\/travelayt.com\/fr\/ucak-biletleri\/","title":{"rendered":"Services a\u00e9riens"},"content":{"rendered":"\t\t<div data-elementor-type=\"wp-page\" data-elementor-id=\"8511\" class=\"elementor elementor-8511\" data-elementor-post-type=\"page\">\n\t\t\t\t\t\t<section class=\"elementor-section elementor-top-section elementor-element elementor-element-6df4a3d elementor-section-stretched elementor-section-boxed elementor-section-height-default elementor-section-height-default\" data-id=\"6df4a3d\" data-element_type=\"section\" data-e-type=\"section\" data-settings=\"{&quot;stretch_section&quot;:&quot;section-stretched&quot;,&quot;background_background&quot;:&quot;classic&quot;}\">\n\t\t\t\t\t\t\t<div class=\"elementor-background-overlay\"><\/div>\n\t\t\t\t\t\t\t<div class=\"elementor-container elementor-column-gap-default\">\n\t\t\t\t\t<div class=\"elementor-column elementor-col-100 elementor-top-column elementor-element elementor-element-1c7b469\" data-id=\"1c7b469\" data-element_type=\"column\" data-e-type=\"column\">\n\t\t\t<div class=\"elementor-widget-wrap elementor-element-populated\">\n\t\t\t\t\t\t<div class=\"elementor-element elementor-element-fdbf7d1 elementor-widget elementor-widget-heading\" data-id=\"fdbf7d1\" data-element_type=\"widget\" data-e-type=\"widget\" data-widget_type=\"heading.default\">\n\t\t\t\t<div class=\"elementor-widget-container\">\n\t\t\t\t\t<h1 class=\"elementor-heading-title elementor-size-default\">U\u00e7u\u015f Hizmetleri<\/h1>\t\t\t\t<\/div>\n\t\t\t\t<\/div>\n\t\t\t\t\t<\/div>\n\t\t<\/div>\n\t\t\t\t\t<\/div>\n\t\t<\/section>\n\t\t\t\t<section class=\"elementor-section elementor-top-section elementor-element elementor-element-5eba5c05 elementor-section-content-middle elementor-section-boxed elementor-section-height-default elementor-section-height-default\" data-id=\"5eba5c05\" data-element_type=\"section\" data-e-type=\"section\" data-settings=\"{&quot;background_background&quot;:&quot;classic&quot;}\">\n\t\t\t\t\t\t\t<div class=\"elementor-background-overlay\"><\/div>\n\t\t\t\t\t\t\t<div class=\"elementor-container elementor-column-gap-default\">\n\t\t\t\t\t<div class=\"elementor-column elementor-col-50 elementor-top-column elementor-element elementor-element-52cbd15\" data-id=\"52cbd15\" data-element_type=\"column\" data-e-type=\"column\">\n\t\t\t<div class=\"elementor-widget-wrap elementor-element-populated\">\n\t\t\t\t\t\t<div class=\"elementor-element elementor-element-7db6be91 elementor-widget elementor-widget-heading\" data-id=\"7db6be91\" data-element_type=\"widget\" data-e-type=\"widget\" data-widget_type=\"heading.default\">\n\t\t\t\t<div class=\"elementor-widget-container\">\n\t\t\t\t\t<h6 class=\"elementor-heading-title elementor-size-default\">Yurt \u0130\u00e7i ve Yurt D\u0131\u015f\u0131 U\u00e7u\u015flar<\/h6>\t\t\t\t<\/div>\n\t\t\t\t<\/div>\n\t\t\t\t<div class=\"elementor-element elementor-element-500005f7 elementor-headline--style-highlight elementor-widget elementor-widget-animated-headline\" data-id=\"500005f7\" data-element_type=\"widget\" data-e-type=\"widget\" data-settings=\"{&quot;marker&quot;:&quot;strikethrough&quot;,&quot;highlighted_text&quot;:&quot;Tek Noktada &nbsp;&quot;,&quot;headline_style&quot;:&quot;highlight&quot;,&quot;loop&quot;:&quot;yes&quot;,&quot;highlight_animation_duration&quot;:1200,&quot;highlight_iteration_delay&quot;:8000}\" data-widget_type=\"animated-headline.default\">\n\t\t\t\t<div class=\"elementor-widget-container\">\n\t\t\t\t\t\t\t<h1 class=\"elementor-headline\">\n\t\t\t\t\t<span class=\"elementor-headline-plain-text elementor-headline-text-wrapper\">T\u00fcm Hava Yollar\u0131,<\/span>\n\t\t\t\t<span class=\"elementor-headline-dynamic-wrapper elementor-headline-text-wrapper\">\n\t\t\t\t\t<span class=\"elementor-headline-dynamic-text elementor-headline-text-active\">Tek Noktada &nbsp;<\/span>\n\t\t\t\t<\/span>\n\t\t\t\t<\/h1>\n\t\t\t\t\t\t<\/div>\n\t\t\t\t<\/div>\n\t\t\t\t<div class=\"elementor-element elementor-element-738c255 elementor-widget elementor-widget-progress\" data-id=\"738c255\" data-element_type=\"widget\" data-e-type=\"widget\" data-widget_type=\"progress.default\">\n\t\t\t\t<div class=\"elementor-widget-container\">\n\t\t\t\t\t\n\t\t<div class=\"elementor-progress-wrapper\" role=\"progressbar\" aria-valuemin=\"0\" aria-valuemax=\"100\" aria-valuenow=\"100\">\n\t\t\t<div class=\"elementor-progress-bar\" data-max=\"100\">\n\t\t\t\t<span class=\"elementor-progress-text\"><\/span>\n\t\t\t\t\t\t\t<\/div>\n\t\t<\/div>\n\t\t\t\t\t\t<\/div>\n\t\t\t\t<\/div>\n\t\t\t\t\t<\/div>\n\t\t<\/div>\n\t\t\t\t<div class=\"elementor-column elementor-col-50 elementor-top-column elementor-element elementor-element-7e8bf033\" data-id=\"7e8bf033\" data-element_type=\"column\" data-e-type=\"column\">\n\t\t\t<div class=\"elementor-widget-wrap elementor-element-populated\">\n\t\t\t\t\t\t<div class=\"elementor-element elementor-element-5e964b1a elementor-widget elementor-widget-image\" data-id=\"5e964b1a\" data-element_type=\"widget\" data-e-type=\"widget\" data-settings=\"{&quot;motion_fx_motion_fx_scrolling&quot;:&quot;yes&quot;,&quot;motion_fx_scale_effect&quot;:&quot;yes&quot;,&quot;motion_fx_scale_speed&quot;:{&quot;unit&quot;:&quot;px&quot;,&quot;size&quot;:&quot;1&quot;,&quot;sizes&quot;:[]},&quot;motion_fx_devices&quot;:[&quot;desktop&quot;,&quot;laptop&quot;],&quot;motion_fx_scale_direction&quot;:&quot;out-in&quot;,&quot;motion_fx_scale_range&quot;:{&quot;unit&quot;:&quot;%&quot;,&quot;size&quot;:&quot;&quot;,&quot;sizes&quot;:{&quot;start&quot;:20,&quot;end&quot;:80}}}\" data-widget_type=\"image.default\">\n\t\t\t\t<div class=\"elementor-widget-container\">\n\t\t\t\t\t\t\t\t\t\t\t\t\t\t\t\t<a href=\"https:\/\/www.businesstravel-hamburg.de\">\n\t\t\t\t\t\t\t<img fetchpriority=\"high\" decoding=\"async\" width=\"1024\" height=\"683\" src=\"https:\/\/travelayt.com\/wp-content\/uploads\/2025\/06\/ucus-hizmetleri-1024x683.jpg\" class=\"attachment-large size-large wp-image-8730\" alt=\"\" srcset=\"https:\/\/travelayt.com\/wp-content\/uploads\/2025\/06\/ucus-hizmetleri-1024x683.jpg 1024w, https:\/\/travelayt.com\/wp-content\/uploads\/2025\/06\/ucus-hizmetleri-300x200.jpg 300w, https:\/\/travelayt.com\/wp-content\/uploads\/2025\/06\/ucus-hizmetleri-768x512.jpg 768w, https:\/\/travelayt.com\/wp-content\/uploads\/2025\/06\/ucus-hizmetleri-1536x1024.jpg 1536w, https:\/\/travelayt.com\/wp-content\/uploads\/2025\/06\/ucus-hizmetleri-600x400.jpg 600w, https:\/\/travelayt.com\/wp-content\/uploads\/2025\/06\/ucus-hizmetleri.jpg 1920w\" sizes=\"(max-width: 1024px) 100vw, 1024px\" \/>\t\t\t\t\t\t\t\t<\/a>\n\t\t\t\t\t\t\t\t\t\t\t\t\t\t\t<\/div>\n\t\t\t\t<\/div>\n\t\t\t\t\t<\/div>\n\t\t<\/div>\n\t\t\t\t\t<\/div>\n\t\t<\/section>\n\t\t<div class=\"elementor-element elementor-element-fdde03c e-flex e-con-boxed e-con e-parent\" data-id=\"fdde03c\" data-element_type=\"container\" data-e-type=\"container\">\n\t\t\t\t\t<div class=\"e-con-inner\">\n\t\t\t\t<div class=\"elementor-element elementor-element-7f4888a elementor-widget elementor-widget-text-editor\" data-id=\"7f4888a\" data-element_type=\"widget\" data-e-type=\"widget\" data-widget_type=\"text-editor.default\">\n\t\t\t\t<div class=\"elementor-widget-container\">\n\t\t\t\t\t\t\t\t\t<p>T\u00fcrk Hava Yollar\u0131, Pegasus, SunExpress, Lufthansa, Qatar Airways, Emirates gibi ulusal ve uluslararas\u0131 t\u00fcm havayollar\u0131yla \u00e7al\u0131\u015f\u0131yoruz. Fiyat, aktarma s\u00fcresi ve u\u00e7u\u015f konforu gibi kriterlere g\u00f6re en iyi alternatifleri sizin ad\u0131n\u0131za kar\u015f\u0131la\u015ft\u0131r\u0131yor ve sunuyoruz.<\/p><p>Antalya kalk\u0131\u015fl\u0131 ya da var\u0131\u015fl\u0131 t\u00fcm u\u00e7u\u015flar i\u00e7in yerel avantajlar sa\u011fl\u0131yoruz. Uygun fiyat garantisi, opsiyonlu rezervasyon, grup bileti ve \u00e7ocuk\/\u00f6\u011frenci indirimleri gibi esnek \u00e7\u00f6z\u00fcmler sunuyoruz.<\/p>\t\t\t\t\t\t\t\t<\/div>\n\t\t\t\t<\/div>\n\t\t\t\t\t<\/div>\n\t\t\t\t<\/div>\n\t\t<div class=\"elementor-element elementor-element-a5fcd1f e-flex e-con-boxed e-con e-parent\" data-id=\"a5fcd1f\" data-element_type=\"container\" data-e-type=\"container\">\n\t\t\t\t\t<div class=\"e-con-inner\">\n\t\t\t\t<div class=\"elementor-element elementor-element-1a6659c elementor-widget elementor-widget-heading\" data-id=\"1a6659c\" data-element_type=\"widget\" data-e-type=\"widget\" data-widget_type=\"heading.default\">\n\t\t\t\t<div class=\"elementor-widget-container\">\n\t\t\t\t\t<h2 class=\"elementor-heading-title elementor-size-default\">Mevsime Uygun Rotalar &amp; \u00d6zel U\u00e7u\u015f Planlamalar\u0131<\/h2>\t\t\t\t<\/div>\n\t\t\t\t<\/div>\n\t\t\t\t<div class=\"elementor-element elementor-element-678af1d elementor-widget elementor-widget-text-editor\" data-id=\"678af1d\" data-element_type=\"widget\" data-e-type=\"widget\" data-widget_type=\"text-editor.default\">\n\t\t\t\t<div class=\"elementor-widget-container\">\n\t\t\t\t\t\t\t\t\t<p>Tatil ve Etkinliklere \u00d6zel U\u00e7u\u015f Alternatifleri<\/p><ul><li>Bayram tatilleri, s\u00f6mestr, yaz sezonu gibi yo\u011fun d\u00f6nemlerde uygun fiyatl\u0131 alternatiflerle erken planlama imk\u00e2n\u0131<\/li><li>Festival, konser, spor organizasyonlar\u0131 ve yurtd\u0131\u015f\u0131 fuarlar\u0131na y\u00f6nelik tematik u\u00e7u\u015f programlar\u0131<\/li><li>Balay\u0131 \u00e7iftlerine \u00f6zel destinasyon \u00f6nerileri ve u\u00e7u\u015f paketleri<\/li><\/ul>\t\t\t\t\t\t\t\t<\/div>\n\t\t\t\t<\/div>\n\t\t\t\t<div class=\"elementor-element elementor-element-efdb037 elementor-widget elementor-widget-heading\" data-id=\"efdb037\" data-element_type=\"widget\" data-e-type=\"widget\" data-widget_type=\"heading.default\">\n\t\t\t\t<div class=\"elementor-widget-container\">\n\t\t\t\t\t<h2 class=\"elementor-heading-title elementor-size-default\">U\u00e7u\u015fla entegre otel ve transfer rezervasyon hizmetleri<\/h2>\t\t\t\t<\/div>\n\t\t\t\t<\/div>\n\t\t\t\t<div class=\"elementor-element elementor-element-f0e6823 elementor-widget elementor-widget-text-editor\" data-id=\"f0e6823\" data-element_type=\"widget\" data-e-type=\"widget\" data-widget_type=\"text-editor.default\">\n\t\t\t\t<div class=\"elementor-widget-container\">\n\t\t\t\t\t\t\t\t\t<p>Her b\u00fct\u00e7eye uygun sezonluk seyahat \u00e7\u00f6z\u00fcmleriyle, tatil plan\u0131n\u0131z sadece birka\u00e7 t\u0131k uza\u011f\u0131n\u0131zda.<\/p>\t\t\t\t\t\t\t\t<\/div>\n\t\t\t\t<\/div>\n\t\t\t\t\t<\/div>\n\t\t\t\t<\/div>\n\t\t\t\t<section class=\"elementor-section elementor-top-section elementor-element elementor-element-1593c93 elementor-section-content-middle elementor-section-boxed elementor-section-height-default elementor-section-height-default\" data-id=\"1593c93\" data-element_type=\"section\" data-e-type=\"section\" data-settings=\"{&quot;background_background&quot;:&quot;classic&quot;}\">\n\t\t\t\t\t\t\t<div class=\"elementor-background-overlay\"><\/div>\n\t\t\t\t\t\t\t<div class=\"elementor-container elementor-column-gap-default\">\n\t\t\t\t\t<div class=\"elementor-column elementor-col-50 elementor-top-column elementor-element elementor-element-4b0847f\" data-id=\"4b0847f\" data-element_type=\"column\" data-e-type=\"column\">\n\t\t\t<div class=\"elementor-widget-wrap elementor-element-populated\">\n\t\t\t\t\t\t<div class=\"elementor-element elementor-element-bb7225c elementor-widget elementor-widget-image\" data-id=\"bb7225c\" data-element_type=\"widget\" data-e-type=\"widget\" data-settings=\"{&quot;motion_fx_motion_fx_scrolling&quot;:&quot;yes&quot;,&quot;motion_fx_scale_effect&quot;:&quot;yes&quot;,&quot;motion_fx_scale_speed&quot;:{&quot;unit&quot;:&quot;px&quot;,&quot;size&quot;:&quot;1&quot;,&quot;sizes&quot;:[]},&quot;motion_fx_devices&quot;:[&quot;desktop&quot;,&quot;laptop&quot;],&quot;motion_fx_scale_direction&quot;:&quot;out-in&quot;,&quot;motion_fx_scale_range&quot;:{&quot;unit&quot;:&quot;%&quot;,&quot;size&quot;:&quot;&quot;,&quot;sizes&quot;:{&quot;start&quot;:20,&quot;end&quot;:80}}}\" data-widget_type=\"image.default\">\n\t\t\t\t<div class=\"elementor-widget-container\">\n\t\t\t\t\t\t\t\t\t\t\t\t\t\t\t\t<a href=\"https:\/\/www.businesstravel-hamburg.de\">\n\t\t\t\t\t\t\t<img decoding=\"async\" width=\"1024\" height=\"717\" src=\"https:\/\/travelayt.com\/wp-content\/uploads\/2025\/05\/business_travel_hamburg_logo_png-1024x717.png\" class=\"attachment-large size-large wp-image-8384\" alt=\"\" srcset=\"https:\/\/travelayt.com\/wp-content\/uploads\/2025\/05\/business_travel_hamburg_logo_png-1024x717.png 1024w, https:\/\/travelayt.com\/wp-content\/uploads\/2025\/05\/business_travel_hamburg_logo_png-300x210.png 300w, https:\/\/travelayt.com\/wp-content\/uploads\/2025\/05\/business_travel_hamburg_logo_png-768x538.png 768w, https:\/\/travelayt.com\/wp-content\/uploads\/2025\/05\/business_travel_hamburg_logo_png-600x420.png 600w, https:\/\/travelayt.com\/wp-content\/uploads\/2025\/05\/business_travel_hamburg_logo_png.png 1134w\" sizes=\"(max-width: 1024px) 100vw, 1024px\" \/>\t\t\t\t\t\t\t\t<\/a>\n\t\t\t\t\t\t\t\t\t\t\t\t\t\t\t<\/div>\n\t\t\t\t<\/div>\n\t\t\t\t\t<\/div>\n\t\t<\/div>\n\t\t\t\t<div class=\"elementor-column elementor-col-50 elementor-top-column elementor-element elementor-element-3c1b939\" data-id=\"3c1b939\" data-element_type=\"column\" data-e-type=\"column\">\n\t\t\t<div class=\"elementor-widget-wrap elementor-element-populated\">\n\t\t\t\t\t\t<div class=\"elementor-element elementor-element-a3ad304 elementor-widget elementor-widget-heading\" data-id=\"a3ad304\" data-element_type=\"widget\" data-e-type=\"widget\" data-widget_type=\"heading.default\">\n\t\t\t\t<div class=\"elementor-widget-container\">\n\t\t\t\t\t<h6 class=\"elementor-heading-title elementor-size-default\">\u0130\u015f Seyahatleri &amp; Kurumsal U\u00e7u\u015f Hizmetleri<\/h6>\t\t\t\t<\/div>\n\t\t\t\t<\/div>\n\t\t\t\t<div class=\"elementor-element elementor-element-dae98e8 elementor-headline--style-highlight elementor-widget elementor-widget-animated-headline\" data-id=\"dae98e8\" data-element_type=\"widget\" data-e-type=\"widget\" data-settings=\"{&quot;marker&quot;:&quot;strikethrough&quot;,&quot;highlighted_text&quot;:&quot; Zaman Kazand\\u0131ran &nbsp;&quot;,&quot;headline_style&quot;:&quot;highlight&quot;,&quot;loop&quot;:&quot;yes&quot;,&quot;highlight_animation_duration&quot;:1200,&quot;highlight_iteration_delay&quot;:8000}\" data-widget_type=\"animated-headline.default\">\n\t\t\t\t<div class=\"elementor-widget-container\">\n\t\t\t\t\t\t\t<h1 class=\"elementor-headline\">\n\t\t\t\t\t<span class=\"elementor-headline-plain-text elementor-headline-text-wrapper\">Profesyoneller \u0130\u00e7in<\/span>\n\t\t\t\t<span class=\"elementor-headline-dynamic-wrapper elementor-headline-text-wrapper\">\n\t\t\t\t\t<span class=\"elementor-headline-dynamic-text elementor-headline-text-active\"> Zaman Kazand\u0131ran &nbsp;<\/span>\n\t\t\t\t<\/span>\n\t\t\t\t\t<span class=\"elementor-headline-plain-text elementor-headline-text-wrapper\">\u00c7\u00f6z\u00fcmler<\/span>\n\t\t\t\t\t<\/h1>\n\t\t\t\t\t\t<\/div>\n\t\t\t\t<\/div>\n\t\t\t\t<div class=\"elementor-element elementor-element-c70fc17 elementor-widget elementor-widget-progress\" data-id=\"c70fc17\" data-element_type=\"widget\" data-e-type=\"widget\" data-widget_type=\"progress.default\">\n\t\t\t\t<div class=\"elementor-widget-container\">\n\t\t\t\t\t\n\t\t<div class=\"elementor-progress-wrapper\" role=\"progressbar\" aria-valuemin=\"0\" aria-valuemax=\"100\" aria-valuenow=\"100\">\n\t\t\t<div class=\"elementor-progress-bar\" data-max=\"100\">\n\t\t\t\t<span class=\"elementor-progress-text\"><\/span>\n\t\t\t\t\t\t\t<\/div>\n\t\t<\/div>\n\t\t\t\t\t\t<\/div>\n\t\t\t\t<\/div>\n\t\t\t\t\t<\/div>\n\t\t<\/div>\n\t\t\t\t\t<\/div>\n\t\t<\/section>\n\t\t<div class=\"elementor-element elementor-element-d729279 e-flex e-con-boxed e-con e-parent\" data-id=\"d729279\" data-element_type=\"container\" data-e-type=\"container\">\n\t\t\t\t\t<div class=\"e-con-inner\">\n\t\t\t\t<div class=\"elementor-element elementor-element-9b9660b elementor-widget elementor-widget-text-editor\" data-id=\"9b9660b\" data-element_type=\"widget\" data-e-type=\"widget\" data-widget_type=\"text-editor.default\">\n\t\t\t\t<div class=\"elementor-widget-container\">\n\t\t\t\t\t\t\t\t\t<ul><li>Firmalara \u00f6zel anla\u015fmal\u0131 u\u00e7u\u015f tarifeleri ve esnek biletleme<\/li><li data-start=\"1878\" data-end=\"1981\"><p data-start=\"1880\" data-end=\"1981\">Yo\u011fun seyahat program\u0131na sahip y\u00f6neticilere \u00f6zel h\u0131zl\u0131 rezervasyon ve \u00f6ncelikli check-in hizmetleri<\/p><\/li><li data-start=\"1982\" data-end=\"2059\"><p data-start=\"1984\" data-end=\"2059\">Kurumsal raporlama, seyahat takibi ve u\u00e7u\u015f analizleriyle finansal kontrol<\/p><\/li><li data-start=\"2060\" data-end=\"2240\"><p data-start=\"2062\" data-end=\"2240\">Yurtd\u0131\u015f\u0131na yap\u0131lacak fuar, seminer ve i\u015f toplant\u0131lar\u0131na \u00f6zel toplu u\u00e7u\u015f organizasyonu<\/p><\/li><li data-start=\"2060\" data-end=\"2240\"><p data-start=\"2062\" data-end=\"2240\">\u0130\u015f ortaklar\u0131m\u0131zdan BTH | Business Travel Hamburg\u2019un global deneyimiyle destekleniyoruz.<\/p><\/li><\/ul>\t\t\t\t\t\t\t\t<\/div>\n\t\t\t\t<\/div>\n\t\t\t\t\t<\/div>\n\t\t\t\t<\/div>\n\t\t\t\t<section class=\"elementor-section elementor-top-section elementor-element elementor-element-716da537 elementor-section-boxed elementor-section-height-default elementor-section-height-default elementor-invisible\" data-id=\"716da537\" data-element_type=\"section\" data-e-type=\"section\" data-settings=\"{&quot;background_background&quot;:&quot;classic&quot;,&quot;background_motion_fx_motion_fx_scrolling&quot;:&quot;yes&quot;,&quot;background_motion_fx_scale_effect&quot;:&quot;yes&quot;,&quot;background_motion_fx_scale_direction&quot;:&quot;in-out&quot;,&quot;background_motion_fx_scale_speed&quot;:{&quot;unit&quot;:&quot;px&quot;,&quot;size&quot;:&quot;2&quot;,&quot;sizes&quot;:[]},&quot;background_motion_fx_devices&quot;:[&quot;desktop&quot;],&quot;animation&quot;:&quot;zoomIn&quot;,&quot;background_motion_fx_scale_range&quot;:{&quot;unit&quot;:&quot;%&quot;,&quot;size&quot;:&quot;&quot;,&quot;sizes&quot;:{&quot;start&quot;:20,&quot;end&quot;:80}}}\">\n\t\t\t\t\t\t\t<div class=\"elementor-background-overlay\"><\/div>\n\t\t\t\t\t\t\t<div class=\"elementor-container elementor-column-gap-default\">\n\t\t\t\t\t<div class=\"elementor-column elementor-col-100 elementor-top-column elementor-element elementor-element-768979c8\" data-id=\"768979c8\" data-element_type=\"column\" data-e-type=\"column\">\n\t\t\t<div class=\"elementor-widget-wrap elementor-element-populated\">\n\t\t\t\t\t\t<section class=\"elementor-section elementor-inner-section elementor-element elementor-element-17d93647 elementor-section-full_width elementor-section-content-middle elementor-section-height-default elementor-section-height-default\" data-id=\"17d93647\" data-element_type=\"section\" data-e-type=\"section\">\n\t\t\t\t\t\t<div class=\"elementor-container elementor-column-gap-default\">\n\t\t\t\t\t<div class=\"elementor-column elementor-col-100 elementor-inner-column elementor-element elementor-element-3cfa6878\" data-id=\"3cfa6878\" data-element_type=\"column\" data-e-type=\"column\">\n\t\t\t<div class=\"elementor-widget-wrap elementor-element-populated\">\n\t\t\t\t\t\t<div class=\"elementor-element elementor-element-423aaf0f elementor-widget elementor-widget-heading\" data-id=\"423aaf0f\" data-element_type=\"widget\" data-e-type=\"widget\" data-widget_type=\"heading.default\">\n\t\t\t\t<div class=\"elementor-widget-container\">\n\t\t\t\t\t<h6 class=\"elementor-heading-title elementor-size-default\"><span style=\"font-family: Arizonia, sans-serif;text-align: right\">Yurt \u0130\u00e7i ve Yurt D\u0131\u015f\u0131 U\u00e7u\u015flar<\/span><span style=\"font-family: Arizonia, sans-serif;text-align: right\"><\/span><\/h6>\t\t\t\t<\/div>\n\t\t\t\t<\/div>\n\t\t\t\t<div class=\"elementor-element elementor-element-c749ae elementor-headline--style-highlight elementor-widget elementor-widget-animated-headline\" data-id=\"c749ae\" data-element_type=\"widget\" data-e-type=\"widget\" data-settings=\"{&quot;marker&quot;:&quot;strikethrough&quot;,&quot;highlighted_text&quot;:&quot;g\\u00fcvenli, h\\u0131zl\\u0131 ve ekonomik!&nbsp;&quot;,&quot;headline_style&quot;:&quot;highlight&quot;,&quot;loop&quot;:&quot;yes&quot;,&quot;highlight_animation_duration&quot;:1200,&quot;highlight_iteration_delay&quot;:8000}\" data-widget_type=\"animated-headline.default\">\n\t\t\t\t<div class=\"elementor-widget-container\">\n\t\t\t\t\t\t\t<h1 class=\"elementor-headline\">\n\t\t\t\t\t<span class=\"elementor-headline-plain-text elementor-headline-text-wrapper\">Travelayt ile u\u00e7u\u015f planlar\u0131n\u0131z art\u0131k daha &nbsp;<\/span>\n\t\t\t\t<span class=\"elementor-headline-dynamic-wrapper elementor-headline-text-wrapper\">\n\t\t\t\t\t<span class=\"elementor-headline-dynamic-text elementor-headline-text-active\">g\u00fcvenli, h\u0131zl\u0131 ve ekonomik!&nbsp;<\/span>\n\t\t\t\t<\/span>\n\t\t\t\t<\/h1>\n\t\t\t\t\t\t<\/div>\n\t\t\t\t<\/div>\n\t\t\t\t\t<\/div>\n\t\t<\/div>\n\t\t\t\t\t<\/div>\n\t\t<\/section>\n\t\t\t\t\t<\/div>\n\t\t<\/div>\n\t\t\t\t\t<\/div>\n\t\t<\/section>\n\t\t\t\t<\/div>\n\t\t","protected":false},"excerpt":{"rendered":"<p>U\u00e7u\u015f Hizmetleri Yurt \u0130\u00e7i ve Yurt D\u0131\u015f\u0131 U\u00e7u\u015flar T\u00fcm Hava Yollar\u0131, Tek Noktada &nbsp; T\u00fcrk Hava Yollar\u0131, Pegasus, SunExpress, Lufthansa, Qatar Airways, Emirates gibi ulusal ve uluslararas\u0131 t\u00fcm havayollar\u0131yla \u00e7al\u0131\u015f\u0131yoruz. Fiyat, aktarma s\u00fcresi ve u\u00e7u\u015f konforu gibi kriterlere g\u00f6re en iyi alternatifleri sizin ad\u0131n\u0131za kar\u015f\u0131la\u015ft\u0131r\u0131yor ve sunuyoruz. Antalya kalk\u0131\u015fl\u0131 ya da var\u0131\u015fl\u0131 t\u00fcm u\u00e7u\u015flar i\u00e7in [&hellip;]<\/p>\n","protected":false},"author":1,"featured_media":0,"parent":0,"menu_order":0,"comment_status":"closed","ping_status":"closed","template":"","meta":{"inline_featured_image":false,"footnotes":""},"class_list":["post-8511","page","type-page","status-publish","hentry"],"_links":{"self":[{"href":"https:\/\/travelayt.com\/fr\/wp-json\/wp\/v2\/pages\/8511","targetHints":{"allow":["GET"]}}],"collection":[{"href":"https:\/\/travelayt.com\/fr\/wp-json\/wp\/v2\/pages"}],"about":[{"href":"https:\/\/travelayt.com\/fr\/wp-json\/wp\/v2\/types\/page"}],"author":[{"embeddable":true,"href":"https:\/\/travelayt.com\/fr\/wp-json\/wp\/v2\/users\/1"}],"replies":[{"embeddable":true,"href":"https:\/\/travelayt.com\/fr\/wp-json\/wp\/v2\/comments?post=8511"}],"version-history":[{"count":10,"href":"https:\/\/travelayt.com\/fr\/wp-json\/wp\/v2\/pages\/8511\/revisions"}],"predecessor-version":[{"id":8743,"href":"https:\/\/travelayt.com\/fr\/wp-json\/wp\/v2\/pages\/8511\/revisions\/8743"}],"wp:attachment":[{"href":"https:\/\/travelayt.com\/fr\/wp-json\/wp\/v2\/media?parent=8511"}],"curies":[{"name":"wp","href":"https:\/\/api.w.org\/{rel}","templated":true}]}}