{"id":8301,"date":"2025-05-26T16:35:47","date_gmt":"2025-05-26T13:35:47","guid":{"rendered":"https:\/\/travelayt.com\/?page_id=8301"},"modified":"2025-05-26T16:51:22","modified_gmt":"2025-05-26T13:51:22","slug":"blog","status":"publish","type":"page","link":"https:\/\/travelayt.com\/fr\/blog\/","title":{"rendered":"Blog de voyage"},"content":{"rendered":"\t\t<div data-elementor-type=\"wp-page\" data-elementor-id=\"8301\" class=\"elementor elementor-8301\" data-elementor-post-type=\"page\">\n\t\t\t\t\t\t<section class=\"elementor-section elementor-top-section elementor-element elementor-element-6df4a3d elementor-section-stretched elementor-section-boxed elementor-section-height-default elementor-section-height-default\" data-id=\"6df4a3d\" data-element_type=\"section\" data-e-type=\"section\" data-settings=\"{&quot;stretch_section&quot;:&quot;section-stretched&quot;,&quot;background_background&quot;:&quot;classic&quot;}\">\n\t\t\t\t\t\t\t<div class=\"elementor-background-overlay\"><\/div>\n\t\t\t\t\t\t\t<div class=\"elementor-container elementor-column-gap-default\">\n\t\t\t\t\t<div class=\"elementor-column elementor-col-100 elementor-top-column elementor-element elementor-element-1c7b469\" data-id=\"1c7b469\" data-element_type=\"column\" data-e-type=\"column\">\n\t\t\t<div class=\"elementor-widget-wrap elementor-element-populated\">\n\t\t\t\t\t\t<div class=\"elementor-element elementor-element-fdbf7d1 elementor-widget elementor-widget-heading\" data-id=\"fdbf7d1\" data-element_type=\"widget\" data-e-type=\"widget\" data-widget_type=\"heading.default\">\n\t\t\t\t<div class=\"elementor-widget-container\">\n\t\t\t\t\t<h1 class=\"elementor-heading-title elementor-size-default\">Seyahat Blo\u011fu<\/h1>\t\t\t\t<\/div>\n\t\t\t\t<\/div>\n\t\t\t\t\t<\/div>\n\t\t<\/div>\n\t\t\t\t\t<\/div>\n\t\t<\/section>\n\t\t\t\t<section class=\"elementor-section elementor-top-section elementor-element elementor-element-faad604 elementor-section-content-middle elementor-section-boxed elementor-section-height-default elementor-section-height-default\" data-id=\"faad604\" data-element_type=\"section\" data-e-type=\"section\" data-settings=\"{&quot;background_background&quot;:&quot;classic&quot;}\">\n\t\t\t\t\t\t\t<div class=\"elementor-background-overlay\"><\/div>\n\t\t\t\t\t\t\t<div class=\"elementor-container elementor-column-gap-default\">\n\t\t\t\t\t<div class=\"elementor-column elementor-col-100 elementor-top-column elementor-element elementor-element-5a14a9c5\" data-id=\"5a14a9c5\" data-element_type=\"column\" data-e-type=\"column\">\n\t\t\t<div class=\"elementor-widget-wrap elementor-element-populated\">\n\t\t\t\t\t\t<div class=\"elementor-element elementor-element-3409d75 elementor-grid-2 elementor-grid-tablet-2 elementor-grid-mobile-1 elementor-widget elementor-widget-loop-grid\" data-id=\"3409d75\" data-element_type=\"widget\" data-e-type=\"widget\" data-settings=\"{&quot;template_id&quot;:&quot;4245&quot;,&quot;columns&quot;:2,&quot;pagination_type&quot;:&quot;numbers_and_prev_next&quot;,&quot;_skin&quot;:&quot;post&quot;,&quot;columns_tablet&quot;:&quot;2&quot;,&quot;columns_mobile&quot;:&quot;1&quot;,&quot;edit_handle_selector&quot;:&quot;[data-elementor-type=\\&quot;loop-item\\&quot;]&quot;,&quot;pagination_load_type&quot;:&quot;page_reload&quot;,&quot;row_gap&quot;:{&quot;unit&quot;:&quot;px&quot;,&quot;size&quot;:&quot;&quot;,&quot;sizes&quot;:[]},&quot;row_gap_laptop&quot;:{&quot;unit&quot;:&quot;px&quot;,&quot;size&quot;:&quot;&quot;,&quot;sizes&quot;:[]},&quot;row_gap_tablet&quot;:{&quot;unit&quot;:&quot;px&quot;,&quot;size&quot;:&quot;&quot;,&quot;sizes&quot;:[]},&quot;row_gap_mobile&quot;:{&quot;unit&quot;:&quot;px&quot;,&quot;size&quot;:&quot;&quot;,&quot;sizes&quot;:[]}}\" data-widget_type=\"loop-grid.post\">\n\t\t\t\t<div class=\"elementor-widget-container\">\n\t\t\t\t\t\t\t<div class=\"elementor-loop-container elementor-grid\">\n\t\t<style id=\"loop-4245\">.elementor-4245 .elementor-element.elementor-element-765704d8{margin-top:0px;margin-bottom:0px;padding:0px 0px 0px 0px;}.elementor-4245 .elementor-element.elementor-element-2e47d83c > .elementor-element-populated{margin:0px 0px 0px 0px;--e-column-margin-right:0px;--e-column-margin-left:0px;padding:0px 0px 0px 0px;}.elementor-4245 .elementor-element.elementor-element-1becfb17 img{width:100%;transition-duration:0.5s;border-radius:15px 15px 15px 15px;}.elementor-4245 .elementor-element.elementor-element-1becfb17:hover img{opacity:0.7;}.elementor-4245 .elementor-element.elementor-element-6c70a1fb .elementor-button{font-size:14px;background-color:#1E2D58;padding:5px 15px 5px 015px;}<\/style>\t\t<div data-elementor-type=\"loop-item\" data-elementor-id=\"4245\" class=\"elementor elementor-4245 e-loop-item e-loop-item-8889 post-8889 post type-post status-publish format-standard has-post-thumbnail hentry category-travel-blog tag-balon tag-derinkuyu tag-goreme tag-kapadokya tag-turkiye\" data-elementor-post-type=\"elementor_library\" data-custom-edit-handle=\"1\">\n\t\t\t\t\t<section class=\"elementor-section elementor-top-section elementor-element elementor-element-765704d8 elementor-section-full_width elementor-section-height-default elementor-section-height-default\" data-id=\"765704d8\" data-element_type=\"section\" data-e-type=\"section\">\n\t\t\t\t\t\t<div class=\"elementor-container elementor-column-gap-default\">\n\t\t\t\t\t<div class=\"elementor-column elementor-col-100 elementor-top-column elementor-element elementor-element-2e47d83c\" data-id=\"2e47d83c\" data-element_type=\"column\" data-e-type=\"column\">\n\t\t\t<div class=\"elementor-widget-wrap elementor-element-populated\">\n\t\t\t\t\t\t<div class=\"elementor-element elementor-element-1becfb17 elementor-widget elementor-widget-image\" data-id=\"1becfb17\" data-element_type=\"widget\" data-e-type=\"widget\" data-widget_type=\"image.default\">\n\t\t\t\t<div class=\"elementor-widget-container\">\n\t\t\t\t\t\t\t\t\t\t\t\t\t\t\t<img fetchpriority=\"high\" decoding=\"async\" width=\"1024\" height=\"768\" src=\"https:\/\/travelayt.com\/wp-content\/uploads\/2026\/04\/kapadokya-1024x768.jpg\" class=\"attachment-large size-large wp-image-8890\" alt=\"\" srcset=\"https:\/\/travelayt.com\/wp-content\/uploads\/2026\/04\/kapadokya-1024x768.jpg 1024w, https:\/\/travelayt.com\/wp-content\/uploads\/2026\/04\/kapadokya-300x225.jpg 300w, https:\/\/travelayt.com\/wp-content\/uploads\/2026\/04\/kapadokya-768x576.jpg 768w, https:\/\/travelayt.com\/wp-content\/uploads\/2026\/04\/kapadokya-1536x1152.jpg 1536w, https:\/\/travelayt.com\/wp-content\/uploads\/2026\/04\/kapadokya-2048x1536.jpg 2048w, https:\/\/travelayt.com\/wp-content\/uploads\/2026\/04\/kapadokya-16x12.jpg 16w, https:\/\/travelayt.com\/wp-content\/uploads\/2026\/04\/kapadokya-600x450.jpg 600w\" sizes=\"(max-width: 1024px) 100vw, 1024px\" \/>\t\t\t\t\t\t\t\t\t\t\t\t\t\t\t<\/div>\n\t\t\t\t<\/div>\n\t\t\t\t<div class=\"elementor-element elementor-element-6c70a1fb elementor-widget elementor-widget-button\" data-id=\"6c70a1fb\" data-element_type=\"widget\" data-e-type=\"widget\" data-widget_type=\"button.default\">\n\t\t\t\t<div class=\"elementor-widget-container\">\n\t\t\t\t\t\t\t\t\t<div class=\"elementor-button-wrapper\">\n\t\t\t\t\t<a class=\"elementor-button elementor-button-link elementor-size-sm elementor-animation-shrink\" href=\"#\">\n\t\t\t\t\t\t<span class=\"elementor-button-content-wrapper\">\n\t\t\t\t\t\t\t\t\t<span class=\"elementor-button-text\">29. avril 2026<\/span>\n\t\t\t\t\t<\/span>\n\t\t\t\t\t<\/a>\n\t\t\t\t<\/div>\n\t\t\t\t\t\t\t\t<\/div>\n\t\t\t\t<\/div>\n\t\t\t\t<div class=\"elementor-element elementor-element-4d3b1003 elementor-widget elementor-widget-heading\" data-id=\"4d3b1003\" data-element_type=\"widget\" data-e-type=\"widget\" data-widget_type=\"heading.default\">\n\t\t\t\t<div class=\"elementor-widget-container\">\n\t\t\t\t\t<h3 class=\"elementor-heading-title elementor-size-default\">Kapadokya: Do\u011fa ve Tarihin Masals\u0131 Uyumu<\/h3>\t\t\t\t<\/div>\n\t\t\t\t<\/div>\n\t\t\t\t<div class=\"elementor-element elementor-element-aac7eb7 elementor-widget elementor-widget-heading\" data-id=\"aac7eb7\" data-element_type=\"widget\" data-e-type=\"widget\" data-widget_type=\"heading.default\">\n\t\t\t\t<div class=\"elementor-widget-container\">\n\t\t\t\t\t<p class=\"elementor-heading-title elementor-size-default\">Kapadokya, e\u015fsiz co\u011frafyas\u0131 ve tarihi yap\u0131lar\u0131yla d\u00fcnyan\u0131n en etkileyici destinasyonlar\u0131ndan biridir. Peri bacalar\u0131 ve yer alt\u0131 \u015fehirleri ile ziyaret\u00e7ilerine adeta ba\u015fka bir d\u00fcnyadaym\u0131\u015f hissi verir.<\/p>\t\t\t\t<\/div>\n\t\t\t\t<\/div>\n\t\t\t\t<div class=\"elementor-element elementor-element-4d09ee98 elementor-widget elementor-widget-button\" data-id=\"4d09ee98\" data-element_type=\"widget\" data-e-type=\"widget\" data-widget_type=\"button.default\">\n\t\t\t\t<div class=\"elementor-widget-container\">\n\t\t\t\t\t\t\t\t\t<div class=\"elementor-button-wrapper\">\n\t\t\t\t\t<a class=\"elementor-button elementor-button-link elementor-size-sm elementor-animation-grow\" href=\"https:\/\/travelayt.com\/fr\/kapadokya\/\">\n\t\t\t\t\t\t<span class=\"elementor-button-content-wrapper\">\n\t\t\t\t\t\t\t\t\t<span class=\"elementor-button-text\">Devam Oku<\/span>\n\t\t\t\t\t<\/span>\n\t\t\t\t\t<\/a>\n\t\t\t\t<\/div>\n\t\t\t\t\t\t\t\t<\/div>\n\t\t\t\t<\/div>\n\t\t\t\t\t<\/div>\n\t\t<\/div>\n\t\t\t\t\t<\/div>\n\t\t<\/section>\n\t\t\t\t<\/div>\n\t\t\t\t<div data-elementor-type=\"loop-item\" data-elementor-id=\"4245\" class=\"elementor elementor-4245 e-loop-item e-loop-item-8275 post-8275 post type-post status-publish format-standard has-post-thumbnail hentry category-travel-blog\" data-elementor-post-type=\"elementor_library\" data-custom-edit-handle=\"1\">\n\t\t\t\t\t<section class=\"elementor-section elementor-top-section elementor-element elementor-element-765704d8 elementor-section-full_width elementor-section-height-default elementor-section-height-default\" data-id=\"765704d8\" data-element_type=\"section\" data-e-type=\"section\">\n\t\t\t\t\t\t<div class=\"elementor-container elementor-column-gap-default\">\n\t\t\t\t\t<div class=\"elementor-column elementor-col-100 elementor-top-column elementor-element elementor-element-2e47d83c\" data-id=\"2e47d83c\" data-element_type=\"column\" data-e-type=\"column\">\n\t\t\t<div class=\"elementor-widget-wrap elementor-element-populated\">\n\t\t\t\t\t\t<div class=\"elementor-element elementor-element-1becfb17 elementor-widget elementor-widget-image\" data-id=\"1becfb17\" data-element_type=\"widget\" data-e-type=\"widget\" data-widget_type=\"image.default\">\n\t\t\t\t<div class=\"elementor-widget-container\">\n\t\t\t\t\t\t\t\t\t\t\t\t\t\t\t<img decoding=\"async\" width=\"470\" height=\"638\" src=\"https:\/\/travelayt.com\/wp-content\/uploads\/2025\/05\/Travelayt-Tursab-Belgesi.jpg\" class=\"attachment-large size-large wp-image-8664\" alt=\"\" srcset=\"https:\/\/travelayt.com\/wp-content\/uploads\/2025\/05\/Travelayt-Tursab-Belgesi.jpg 470w, https:\/\/travelayt.com\/wp-content\/uploads\/2025\/05\/Travelayt-Tursab-Belgesi-221x300.jpg 221w\" sizes=\"(max-width: 470px) 100vw, 470px\" \/>\t\t\t\t\t\t\t\t\t\t\t\t\t\t\t<\/div>\n\t\t\t\t<\/div>\n\t\t\t\t<div class=\"elementor-element elementor-element-6c70a1fb elementor-widget elementor-widget-button\" data-id=\"6c70a1fb\" data-element_type=\"widget\" data-e-type=\"widget\" data-widget_type=\"button.default\">\n\t\t\t\t<div class=\"elementor-widget-container\">\n\t\t\t\t\t\t\t\t\t<div class=\"elementor-button-wrapper\">\n\t\t\t\t\t<a class=\"elementor-button elementor-button-link elementor-size-sm elementor-animation-shrink\" href=\"#\">\n\t\t\t\t\t\t<span class=\"elementor-button-content-wrapper\">\n\t\t\t\t\t\t\t\t\t<span class=\"elementor-button-text\">26. mai 2025<\/span>\n\t\t\t\t\t<\/span>\n\t\t\t\t\t<\/a>\n\t\t\t\t<\/div>\n\t\t\t\t\t\t\t\t<\/div>\n\t\t\t\t<\/div>\n\t\t\t\t<div class=\"elementor-element elementor-element-4d3b1003 elementor-widget elementor-widget-heading\" data-id=\"4d3b1003\" data-element_type=\"widget\" data-e-type=\"widget\" data-widget_type=\"heading.default\">\n\t\t\t\t<div class=\"elementor-widget-container\">\n\t\t\t\t\t<h3 class=\"elementor-heading-title elementor-size-default\">Travelayt Art\u0131k Resmi Olarak T\u00dcRSAB A Grubu Seyahat Acentesidir!<\/h3>\t\t\t\t<\/div>\n\t\t\t\t<\/div>\n\t\t\t\t<div class=\"elementor-element elementor-element-aac7eb7 elementor-widget elementor-widget-heading\" data-id=\"aac7eb7\" data-element_type=\"widget\" data-e-type=\"widget\" data-widget_type=\"heading.default\">\n\t\t\t\t<div class=\"elementor-widget-container\">\n\t\t\t\t\t<p class=\"elementor-heading-title elementor-size-default\">Tatil planlamak g\u00f6z korkutucu olabilir, ancak bu yaz\u0131 okuyuculara kapsaml\u0131 bir seyahat program\u0131 olu\u015fturmak i\u00e7in ad\u0131m ad\u0131m rehberlik sunuyor. Bir destinasyon se\u00e7mekten konaklama ve aktiviteleri ayarlamaya kadar, okuyucular stressiz ve keyifli bir seyahati nas\u0131l planlayacaklar\u0131n\u0131 \u00f6\u011frenecekler.<\/p>\t\t\t\t<\/div>\n\t\t\t\t<\/div>\n\t\t\t\t<div class=\"elementor-element elementor-element-4d09ee98 elementor-widget elementor-widget-button\" data-id=\"4d09ee98\" data-element_type=\"widget\" data-e-type=\"widget\" data-widget_type=\"button.default\">\n\t\t\t\t<div class=\"elementor-widget-container\">\n\t\t\t\t\t\t\t\t\t<div class=\"elementor-button-wrapper\">\n\t\t\t\t\t<a class=\"elementor-button elementor-button-link elementor-size-sm elementor-animation-grow\" href=\"https:\/\/travelayt.com\/fr\/tursab-belgesi\/\">\n\t\t\t\t\t\t<span class=\"elementor-button-content-wrapper\">\n\t\t\t\t\t\t\t\t\t<span class=\"elementor-button-text\">Devam Oku<\/span>\n\t\t\t\t\t<\/span>\n\t\t\t\t\t<\/a>\n\t\t\t\t<\/div>\n\t\t\t\t\t\t\t\t<\/div>\n\t\t\t\t<\/div>\n\t\t\t\t\t<\/div>\n\t\t<\/div>\n\t\t\t\t\t<\/div>\n\t\t<\/section>\n\t\t\t\t<\/div>\n\t\t\t\t<div data-elementor-type=\"loop-item\" data-elementor-id=\"4245\" class=\"elementor elementor-4245 e-loop-item e-loop-item-8880 post-8880 post type-post status-publish format-standard has-post-thumbnail hentry category-travel-blog tag-asya tag-avrupa tag-ayasofya tag-galata tag-istanbul tag-sultanahmet tag-topkapi\" data-elementor-post-type=\"elementor_library\" data-custom-edit-handle=\"1\">\n\t\t\t\t\t<section class=\"elementor-section elementor-top-section elementor-element elementor-element-765704d8 elementor-section-full_width elementor-section-height-default elementor-section-height-default\" data-id=\"765704d8\" data-element_type=\"section\" data-e-type=\"section\">\n\t\t\t\t\t\t<div class=\"elementor-container elementor-column-gap-default\">\n\t\t\t\t\t<div class=\"elementor-column elementor-col-100 elementor-top-column elementor-element elementor-element-2e47d83c\" data-id=\"2e47d83c\" data-element_type=\"column\" data-e-type=\"column\">\n\t\t\t<div class=\"elementor-widget-wrap elementor-element-populated\">\n\t\t\t\t\t\t<div class=\"elementor-element elementor-element-1becfb17 elementor-widget elementor-widget-image\" data-id=\"1becfb17\" data-element_type=\"widget\" data-e-type=\"widget\" data-widget_type=\"image.default\">\n\t\t\t\t<div class=\"elementor-widget-container\">\n\t\t\t\t\t\t\t\t\t\t\t\t\t\t\t<img decoding=\"async\" width=\"1024\" height=\"768\" src=\"https:\/\/travelayt.com\/wp-content\/uploads\/2026\/04\/pexels-yasirgurbuz-14471603-1024x768.jpg\" class=\"attachment-large size-large wp-image-8881\" alt=\"\" srcset=\"https:\/\/travelayt.com\/wp-content\/uploads\/2026\/04\/pexels-yasirgurbuz-14471603-1024x768.jpg 1024w, https:\/\/travelayt.com\/wp-content\/uploads\/2026\/04\/pexels-yasirgurbuz-14471603-300x225.jpg 300w, https:\/\/travelayt.com\/wp-content\/uploads\/2026\/04\/pexels-yasirgurbuz-14471603-768x576.jpg 768w, https:\/\/travelayt.com\/wp-content\/uploads\/2026\/04\/pexels-yasirgurbuz-14471603-1536x1152.jpg 1536w, https:\/\/travelayt.com\/wp-content\/uploads\/2026\/04\/pexels-yasirgurbuz-14471603-2048x1536.jpg 2048w, https:\/\/travelayt.com\/wp-content\/uploads\/2026\/04\/pexels-yasirgurbuz-14471603-16x12.jpg 16w, https:\/\/travelayt.com\/wp-content\/uploads\/2026\/04\/pexels-yasirgurbuz-14471603-600x450.jpg 600w\" sizes=\"(max-width: 1024px) 100vw, 1024px\" \/>\t\t\t\t\t\t\t\t\t\t\t\t\t\t\t<\/div>\n\t\t\t\t<\/div>\n\t\t\t\t<div class=\"elementor-element elementor-element-6c70a1fb elementor-widget elementor-widget-button\" data-id=\"6c70a1fb\" data-element_type=\"widget\" data-e-type=\"widget\" data-widget_type=\"button.default\">\n\t\t\t\t<div class=\"elementor-widget-container\">\n\t\t\t\t\t\t\t\t\t<div class=\"elementor-button-wrapper\">\n\t\t\t\t\t<a class=\"elementor-button elementor-button-link elementor-size-sm elementor-animation-shrink\" href=\"#\">\n\t\t\t\t\t\t<span class=\"elementor-button-content-wrapper\">\n\t\t\t\t\t\t\t\t\t<span class=\"elementor-button-text\">29. avril 2025<\/span>\n\t\t\t\t\t<\/span>\n\t\t\t\t\t<\/a>\n\t\t\t\t<\/div>\n\t\t\t\t\t\t\t\t<\/div>\n\t\t\t\t<\/div>\n\t\t\t\t<div class=\"elementor-element elementor-element-4d3b1003 elementor-widget elementor-widget-heading\" data-id=\"4d3b1003\" data-element_type=\"widget\" data-e-type=\"widget\" data-widget_type=\"heading.default\">\n\t\t\t\t<div class=\"elementor-widget-container\">\n\t\t\t\t\t<h3 class=\"elementor-heading-title elementor-size-default\">\u0130stanbul: Tarihin ve Modern Hayat\u0131n Bulu\u015fma Noktas\u0131<\/h3>\t\t\t\t<\/div>\n\t\t\t\t<\/div>\n\t\t\t\t<div class=\"elementor-element elementor-element-aac7eb7 elementor-widget elementor-widget-heading\" data-id=\"aac7eb7\" data-element_type=\"widget\" data-e-type=\"widget\" data-widget_type=\"heading.default\">\n\t\t\t\t<div class=\"elementor-widget-container\">\n\t\t\t\t\t<p class=\"elementor-heading-title elementor-size-default\">\u0130stanbul, y\u00fczy\u0131llar boyunca farkl\u0131 medeniyetlere ev sahipli\u011fi yapm\u0131\u015f, k\u00fclt\u00fcr ve tarihin i\u00e7 i\u00e7e ge\u00e7ti\u011fi e\u015fsiz bir \u015fehirdir.<\/p>\t\t\t\t<\/div>\n\t\t\t\t<\/div>\n\t\t\t\t<div class=\"elementor-element elementor-element-4d09ee98 elementor-widget elementor-widget-button\" data-id=\"4d09ee98\" data-element_type=\"widget\" data-e-type=\"widget\" data-widget_type=\"button.default\">\n\t\t\t\t<div class=\"elementor-widget-container\">\n\t\t\t\t\t\t\t\t\t<div class=\"elementor-button-wrapper\">\n\t\t\t\t\t<a class=\"elementor-button elementor-button-link elementor-size-sm elementor-animation-grow\" href=\"https:\/\/travelayt.com\/fr\/istanbul\/\">\n\t\t\t\t\t\t<span class=\"elementor-button-content-wrapper\">\n\t\t\t\t\t\t\t\t\t<span class=\"elementor-button-text\">Devam Oku<\/span>\n\t\t\t\t\t<\/span>\n\t\t\t\t\t<\/a>\n\t\t\t\t<\/div>\n\t\t\t\t\t\t\t\t<\/div>\n\t\t\t\t<\/div>\n\t\t\t\t\t<\/div>\n\t\t<\/div>\n\t\t\t\t\t<\/div>\n\t\t<\/section>\n\t\t\t\t<\/div>\n\t\t\t\t<div data-elementor-type=\"loop-item\" data-elementor-id=\"4245\" class=\"elementor elementor-4245 e-loop-item e-loop-item-8339 post-8339 post type-post status-publish format-standard has-post-thumbnail hentry category-travel-blog\" data-elementor-post-type=\"elementor_library\" data-custom-edit-handle=\"1\">\n\t\t\t\t\t<section class=\"elementor-section elementor-top-section elementor-element elementor-element-765704d8 elementor-section-full_width elementor-section-height-default elementor-section-height-default\" data-id=\"765704d8\" data-element_type=\"section\" data-e-type=\"section\">\n\t\t\t\t\t\t<div class=\"elementor-container elementor-column-gap-default\">\n\t\t\t\t\t<div class=\"elementor-column elementor-col-100 elementor-top-column elementor-element elementor-element-2e47d83c\" data-id=\"2e47d83c\" data-element_type=\"column\" data-e-type=\"column\">\n\t\t\t<div class=\"elementor-widget-wrap elementor-element-populated\">\n\t\t\t\t\t\t<div class=\"elementor-element elementor-element-1becfb17 elementor-widget elementor-widget-image\" data-id=\"1becfb17\" data-element_type=\"widget\" data-e-type=\"widget\" data-widget_type=\"image.default\">\n\t\t\t\t<div class=\"elementor-widget-container\">\n\t\t\t\t\t\t\t\t\t\t\t\t\t\t\t<img loading=\"lazy\" decoding=\"async\" width=\"686\" height=\"386\" src=\"https:\/\/travelayt.com\/wp-content\/uploads\/2025\/05\/hq720.jpg\" class=\"attachment-large size-large wp-image-8341\" alt=\"\" srcset=\"https:\/\/travelayt.com\/wp-content\/uploads\/2025\/05\/hq720.jpg 686w, https:\/\/travelayt.com\/wp-content\/uploads\/2025\/05\/hq720-300x169.jpg 300w, https:\/\/travelayt.com\/wp-content\/uploads\/2025\/05\/hq720-600x338.jpg 600w\" sizes=\"(max-width: 686px) 100vw, 686px\" \/>\t\t\t\t\t\t\t\t\t\t\t\t\t\t\t<\/div>\n\t\t\t\t<\/div>\n\t\t\t\t<div class=\"elementor-element elementor-element-6c70a1fb elementor-widget elementor-widget-button\" data-id=\"6c70a1fb\" data-element_type=\"widget\" data-e-type=\"widget\" data-widget_type=\"button.default\">\n\t\t\t\t<div class=\"elementor-widget-container\">\n\t\t\t\t\t\t\t\t\t<div class=\"elementor-button-wrapper\">\n\t\t\t\t\t<a class=\"elementor-button elementor-button-link elementor-size-sm elementor-animation-shrink\" href=\"#\">\n\t\t\t\t\t\t<span class=\"elementor-button-content-wrapper\">\n\t\t\t\t\t\t\t\t\t<span class=\"elementor-button-text\">21. avril 2025<\/span>\n\t\t\t\t\t<\/span>\n\t\t\t\t\t<\/a>\n\t\t\t\t<\/div>\n\t\t\t\t\t\t\t\t<\/div>\n\t\t\t\t<\/div>\n\t\t\t\t<div class=\"elementor-element elementor-element-4d3b1003 elementor-widget elementor-widget-heading\" data-id=\"4d3b1003\" data-element_type=\"widget\" data-e-type=\"widget\" data-widget_type=\"heading.default\">\n\t\t\t\t<div class=\"elementor-widget-container\">\n\t\t\t\t\t<h3 class=\"elementor-heading-title elementor-size-default\">Travelayt, RateHawk ile Resmi Acental\u0131k \u0130\u015f Birli\u011fine Ba\u015flad\u0131!<\/h3>\t\t\t\t<\/div>\n\t\t\t\t<\/div>\n\t\t\t\t<div class=\"elementor-element elementor-element-aac7eb7 elementor-widget elementor-widget-heading\" data-id=\"aac7eb7\" data-element_type=\"widget\" data-e-type=\"widget\" data-widget_type=\"heading.default\">\n\t\t\t\t<div class=\"elementor-widget-container\">\n\t\t\t\t\t<p class=\"elementor-heading-title elementor-size-default\">Travelayt olarak sizlere sundu\u011fumuz hizmetleri s\u00fcrekli geli\u015ftirme hedefimiz do\u011frultusunda, d\u00fcnya genelinde otel rezervasyon sistemleriyle bilinen RateHawk ile i\u015f birli\u011fimizi ba\u015flatm\u0131\u015f bulunmaktay\u0131z.<\/p>\t\t\t\t<\/div>\n\t\t\t\t<\/div>\n\t\t\t\t<div class=\"elementor-element elementor-element-4d09ee98 elementor-widget elementor-widget-button\" data-id=\"4d09ee98\" data-element_type=\"widget\" data-e-type=\"widget\" data-widget_type=\"button.default\">\n\t\t\t\t<div class=\"elementor-widget-container\">\n\t\t\t\t\t\t\t\t\t<div class=\"elementor-button-wrapper\">\n\t\t\t\t\t<a class=\"elementor-button elementor-button-link elementor-size-sm elementor-animation-grow\" href=\"https:\/\/travelayt.com\/fr\/tursab-belgesi-2\/\">\n\t\t\t\t\t\t<span class=\"elementor-button-content-wrapper\">\n\t\t\t\t\t\t\t\t\t<span class=\"elementor-button-text\">Devam Oku<\/span>\n\t\t\t\t\t<\/span>\n\t\t\t\t\t<\/a>\n\t\t\t\t<\/div>\n\t\t\t\t\t\t\t\t<\/div>\n\t\t\t\t<\/div>\n\t\t\t\t\t<\/div>\n\t\t<\/div>\n\t\t\t\t\t<\/div>\n\t\t<\/section>\n\t\t\t\t<\/div>\n\t\t\t\t<\/div>\n\t\t\n\t\t\t\t<div class=\"e-load-more-anchor\" data-page=\"1\" data-max-page=\"3\" data-next-page=\"https:\/\/travelayt.com\/fr\/wp-json\/wp\/v2\/pages\/8301\/page\/2\/\"><\/div>\n\t\t\t\t<nav class=\"elementor-pagination\" aria-label=\"Pagination\">\n\t\t\t<span class=\"page-numbers prev\">\u00d6nceki Sayfa<\/span>\n<span aria-current=\"page\" class=\"page-numbers current\"><span class=\"elementor-screen-only\">Page<\/span>1<\/span>\n<a class=\"page-numbers\" href=\"https:\/\/travelayt.com\/fr\/wp-json\/wp\/v2\/pages\/8301\/page\/2\/\"><span class=\"elementor-screen-only\">Page<\/span>2<\/a>\n<a class=\"page-numbers\" href=\"https:\/\/travelayt.com\/fr\/wp-json\/wp\/v2\/pages\/8301\/page\/3\/\"><span class=\"elementor-screen-only\">Page<\/span>3<\/a>\n<a class=\"page-numbers next\" href=\"https:\/\/travelayt.com\/fr\/wp-json\/wp\/v2\/pages\/8301\/page\/2\/\">Sonraki Sayfa<\/a>\t\t<\/nav>\n\t\t\t\t\t\t<\/div>\n\t\t\t\t<\/div>\n\t\t\t\t\t<\/div>\n\t\t<\/div>\n\t\t\t\t\t<\/div>\n\t\t<\/section>\n\t\t\t\t<\/div>\n\t\t","protected":false},"excerpt":{"rendered":"<p>Blog de voyage<\/p>","protected":false},"author":1,"featured_media":0,"parent":0,"menu_order":0,"comment_status":"closed","ping_status":"closed","template":"","meta":{"inline_featured_image":false,"footnotes":""},"class_list":["post-8301","page","type-page","status-publish","hentry"],"_links":{"self":[{"href":"https:\/\/travelayt.com\/fr\/wp-json\/wp\/v2\/pages\/8301","targetHints":{"allow":["GET"]}}],"collection":[{"href":"https:\/\/travelayt.com\/fr\/wp-json\/wp\/v2\/pages"}],"about":[{"href":"https:\/\/travelayt.com\/fr\/wp-json\/wp\/v2\/types\/page"}],"author":[{"embeddable":true,"href":"https:\/\/travelayt.com\/fr\/wp-json\/wp\/v2\/users\/1"}],"replies":[{"embeddable":true,"href":"https:\/\/travelayt.com\/fr\/wp-json\/wp\/v2\/comments?post=8301"}],"version-history":[{"count":10,"href":"https:\/\/travelayt.com\/fr\/wp-json\/wp\/v2\/pages\/8301\/revisions"}],"predecessor-version":[{"id":8319,"href":"https:\/\/travelayt.com\/fr\/wp-json\/wp\/v2\/pages\/8301\/revisions\/8319"}],"wp:attachment":[{"href":"https:\/\/travelayt.com\/fr\/wp-json\/wp\/v2\/media?parent=8301"}],"curies":[{"name":"wp","href":"https:\/\/api.w.org\/{rel}","templated":true}]}}