{"id":8502,"date":"2025-05-27T16:02:42","date_gmt":"2025-05-27T13:02:42","guid":{"rendered":"https:\/\/travelayt.com\/?page_id=8502"},"modified":"2025-06-04T20:43:53","modified_gmt":"2025-06-04T17:43:53","slug":"arac-kiralama","status":"publish","type":"page","link":"https:\/\/travelayt.com\/de\/arac-kiralama\/","title":{"rendered":"Autovermietung"},"content":{"rendered":"\t\t<div data-elementor-type=\"wp-page\" data-elementor-id=\"8502\" class=\"elementor elementor-8502\" data-elementor-post-type=\"page\">\n\t\t\t\t\t\t<section class=\"elementor-section elementor-top-section elementor-element elementor-element-6df4a3d elementor-section-stretched elementor-section-boxed elementor-section-height-default elementor-section-height-default\" data-id=\"6df4a3d\" data-element_type=\"section\" data-e-type=\"section\" data-settings=\"{&quot;stretch_section&quot;:&quot;section-stretched&quot;,&quot;background_background&quot;:&quot;classic&quot;}\">\n\t\t\t\t\t\t\t<div class=\"elementor-background-overlay\"><\/div>\n\t\t\t\t\t\t\t<div class=\"elementor-container elementor-column-gap-default\">\n\t\t\t\t\t<div class=\"elementor-column elementor-col-100 elementor-top-column elementor-element elementor-element-1c7b469\" data-id=\"1c7b469\" data-element_type=\"column\" data-e-type=\"column\">\n\t\t\t<div class=\"elementor-widget-wrap elementor-element-populated\">\n\t\t\t\t\t\t<div class=\"elementor-element elementor-element-fdbf7d1 elementor-widget elementor-widget-heading\" data-id=\"fdbf7d1\" data-element_type=\"widget\" data-e-type=\"widget\" data-widget_type=\"heading.default\">\n\t\t\t\t<div class=\"elementor-widget-container\">\n\t\t\t\t\t<h1 class=\"elementor-heading-title elementor-size-default\">Ara\u00e7 Kiralama<\/h1>\t\t\t\t<\/div>\n\t\t\t\t<\/div>\n\t\t\t\t\t<\/div>\n\t\t<\/div>\n\t\t\t\t\t<\/div>\n\t\t<\/section>\n\t\t\t\t<section class=\"elementor-section elementor-top-section elementor-element elementor-element-2ea1db7d elementor-section-content-middle elementor-section-boxed elementor-section-height-default elementor-section-height-default\" data-id=\"2ea1db7d\" data-element_type=\"section\" data-e-type=\"section\" data-settings=\"{&quot;background_background&quot;:&quot;classic&quot;}\">\n\t\t\t\t\t\t\t<div class=\"elementor-background-overlay\"><\/div>\n\t\t\t\t\t\t\t<div class=\"elementor-container elementor-column-gap-default\">\n\t\t\t\t\t<div class=\"elementor-column elementor-col-50 elementor-top-column elementor-element elementor-element-5713bb71\" data-id=\"5713bb71\" data-element_type=\"column\" data-e-type=\"column\">\n\t\t\t<div class=\"elementor-widget-wrap elementor-element-populated\">\n\t\t\t\t\t\t<div class=\"elementor-element elementor-element-92b7fa5 elementor-widget elementor-widget-image\" data-id=\"92b7fa5\" data-element_type=\"widget\" data-e-type=\"widget\" data-settings=\"{&quot;motion_fx_motion_fx_scrolling&quot;:&quot;yes&quot;,&quot;motion_fx_scale_effect&quot;:&quot;yes&quot;,&quot;motion_fx_scale_speed&quot;:{&quot;unit&quot;:&quot;px&quot;,&quot;size&quot;:&quot;1&quot;,&quot;sizes&quot;:[]},&quot;motion_fx_devices&quot;:[&quot;desktop&quot;,&quot;laptop&quot;],&quot;motion_fx_scale_direction&quot;:&quot;out-in&quot;,&quot;motion_fx_scale_range&quot;:{&quot;unit&quot;:&quot;%&quot;,&quot;size&quot;:&quot;&quot;,&quot;sizes&quot;:{&quot;start&quot;:20,&quot;end&quot;:80}}}\" data-widget_type=\"image.default\">\n\t\t\t\t<div class=\"elementor-widget-container\">\n\t\t\t\t\t\t\t\t\t\t\t\t\t\t\t\t<a href=\"https:\/\/www.businesstravel-hamburg.de\">\n\t\t\t\t\t\t\t<img fetchpriority=\"high\" decoding=\"async\" width=\"1024\" height=\"683\" src=\"https:\/\/travelayt.com\/wp-content\/uploads\/2025\/06\/kiralik-arac-1024x683.jpg\" class=\"attachment-large size-large wp-image-8650\" alt=\"\" srcset=\"https:\/\/travelayt.com\/wp-content\/uploads\/2025\/06\/kiralik-arac-1024x683.jpg 1024w, https:\/\/travelayt.com\/wp-content\/uploads\/2025\/06\/kiralik-arac-300x200.jpg 300w, https:\/\/travelayt.com\/wp-content\/uploads\/2025\/06\/kiralik-arac-768x512.jpg 768w, https:\/\/travelayt.com\/wp-content\/uploads\/2025\/06\/kiralik-arac-1536x1024.jpg 1536w, https:\/\/travelayt.com\/wp-content\/uploads\/2025\/06\/kiralik-arac-600x400.jpg 600w, https:\/\/travelayt.com\/wp-content\/uploads\/2025\/06\/kiralik-arac.jpg 1920w\" sizes=\"(max-width: 1024px) 100vw, 1024px\" \/>\t\t\t\t\t\t\t\t<\/a>\n\t\t\t\t\t\t\t\t\t\t\t\t\t\t\t<\/div>\n\t\t\t\t<\/div>\n\t\t\t\t\t<\/div>\n\t\t<\/div>\n\t\t\t\t<div class=\"elementor-column elementor-col-50 elementor-top-column elementor-element elementor-element-1a395a13\" data-id=\"1a395a13\" data-element_type=\"column\" data-e-type=\"column\">\n\t\t\t<div class=\"elementor-widget-wrap elementor-element-populated\">\n\t\t\t\t\t\t<div class=\"elementor-element elementor-element-73e13242 elementor-widget elementor-widget-heading\" data-id=\"73e13242\" data-element_type=\"widget\" data-e-type=\"widget\" data-widget_type=\"heading.default\">\n\t\t\t\t<div class=\"elementor-widget-container\">\n\t\t\t\t\t<h6 class=\"elementor-heading-title elementor-size-default\">Ara\u00e7 Kiralama Hizmetlerimiz<\/h6>\t\t\t\t<\/div>\n\t\t\t\t<\/div>\n\t\t\t\t<div class=\"elementor-element elementor-element-23fe560e elementor-headline--style-highlight elementor-widget elementor-widget-animated-headline\" data-id=\"23fe560e\" data-element_type=\"widget\" data-e-type=\"widget\" data-settings=\"{&quot;marker&quot;:&quot;strikethrough&quot;,&quot;highlighted_text&quot;:&quot;Do\\u011fru Ara\\u00e7, &nbsp;&quot;,&quot;headline_style&quot;:&quot;highlight&quot;,&quot;loop&quot;:&quot;yes&quot;,&quot;highlight_animation_duration&quot;:1200,&quot;highlight_iteration_delay&quot;:8000}\" data-widget_type=\"animated-headline.default\">\n\t\t\t\t<div class=\"elementor-widget-container\">\n\t\t\t\t\t\t\t<h1 class=\"elementor-headline\">\n\t\t\t\t\t<span class=\"elementor-headline-plain-text elementor-headline-text-wrapper\">Her Yolculuk \u0130\u00e7in<\/span>\n\t\t\t\t<span class=\"elementor-headline-dynamic-wrapper elementor-headline-text-wrapper\">\n\t\t\t\t\t<span class=\"elementor-headline-dynamic-text elementor-headline-text-active\">Do\u011fru Ara\u00e7, &nbsp;<\/span>\n\t\t\t\t<\/span>\n\t\t\t\t\t<span class=\"elementor-headline-plain-text elementor-headline-text-wrapper\">Travelayt G\u00fcvencesiyle<\/span>\n\t\t\t\t\t<\/h1>\n\t\t\t\t\t\t<\/div>\n\t\t\t\t<\/div>\n\t\t\t\t<div class=\"elementor-element elementor-element-63bcad02 elementor-widget elementor-widget-heading\" data-id=\"63bcad02\" data-element_type=\"widget\" data-e-type=\"widget\" data-widget_type=\"heading.default\">\n\t\t\t\t<div class=\"elementor-widget-container\">\n\t\t\t\t\t<p class=\"elementor-heading-title elementor-size-default\">Travelayt olarak, seyahatinizin her a\u015famas\u0131n\u0131 en ince ayr\u0131nt\u0131s\u0131na kadar planl\u0131yor, size sadece keyfini \u00e7\u0131karmay\u0131 b\u0131rak\u0131yoruz. \u0130ster i\u015f seyahati, ister tatil, ister \u00f6zel bir g\u00fcn i\u00e7in olsun; farkl\u0131 ihtiya\u00e7lara hitap eden ara\u00e7 kiralama se\u00e7eneklerimizle yan\u0131n\u0131zday\u0131z.<\/p>\t\t\t\t<\/div>\n\t\t\t\t<\/div>\n\t\t\t\t<div class=\"elementor-element elementor-element-3dbe379c elementor-widget elementor-widget-progress\" data-id=\"3dbe379c\" data-element_type=\"widget\" data-e-type=\"widget\" data-widget_type=\"progress.default\">\n\t\t\t\t<div class=\"elementor-widget-container\">\n\t\t\t\t\t\n\t\t<div class=\"elementor-progress-wrapper\" role=\"progressbar\" aria-valuemin=\"0\" aria-valuemax=\"100\" aria-valuenow=\"100\">\n\t\t\t<div class=\"elementor-progress-bar\" data-max=\"100\">\n\t\t\t\t<span class=\"elementor-progress-text\"><\/span>\n\t\t\t\t\t\t\t<\/div>\n\t\t<\/div>\n\t\t\t\t\t\t<\/div>\n\t\t\t\t<\/div>\n\t\t\t\t\t<\/div>\n\t\t<\/div>\n\t\t\t\t\t<\/div>\n\t\t<\/section>\n\t\t\t\t<section class=\"elementor-section elementor-top-section elementor-element elementor-element-f1ab1d3 elementor-section-content-middle elementor-section-boxed elementor-section-height-default elementor-section-height-default\" data-id=\"f1ab1d3\" data-element_type=\"section\" data-e-type=\"section\" data-settings=\"{&quot;background_background&quot;:&quot;classic&quot;}\">\n\t\t\t\t\t\t\t<div class=\"elementor-background-overlay\"><\/div>\n\t\t\t\t\t\t\t<div class=\"elementor-container elementor-column-gap-default\">\n\t\t\t\t\t<div class=\"elementor-column elementor-col-50 elementor-top-column elementor-element elementor-element-f171d62\" data-id=\"f171d62\" data-element_type=\"column\" data-e-type=\"column\">\n\t\t\t<div class=\"elementor-widget-wrap elementor-element-populated\">\n\t\t\t\t\t\t<div class=\"elementor-element elementor-element-9f8fe3d elementor-headline--style-rotate elementor-widget elementor-widget-animated-headline\" data-id=\"9f8fe3d\" data-element_type=\"widget\" data-e-type=\"widget\" data-settings=\"{&quot;headline_style&quot;:&quot;rotate&quot;,&quot;animation_type&quot;:&quot;blinds&quot;,&quot;rotate_iteration_delay&quot;:2500}\" data-widget_type=\"animated-headline.default\">\n\t\t\t\t<div class=\"elementor-widget-container\">\n\t\t\t\t\t\t\t<h1 class=\"elementor-headline elementor-headline-animation-type-blinds elementor-headline-letters\">\n\t\t\t\t\t<span class=\"elementor-headline-plain-text elementor-headline-text-wrapper\"> Neden Travelayt'tan Ara\u00e7 Kiralay\u0131n?<\/span>\n\t\t\t\t<span class=\"elementor-headline-dynamic-wrapper elementor-headline-text-wrapper\">\n\t\t\t\t<\/span>\n\t\t\t\t<\/h1>\n\t\t\t\t\t\t<\/div>\n\t\t\t\t<\/div>\n\t\t\t\t<div class=\"elementor-element elementor-element-9a78499 elementor-widget elementor-widget-heading\" data-id=\"9a78499\" data-element_type=\"widget\" data-e-type=\"widget\" data-widget_type=\"heading.default\">\n\t\t\t\t<div class=\"elementor-widget-container\">\n\t\t\t\t\t<p class=\"elementor-heading-title elementor-size-default\">Geni\u015f Ara\u00e7 Se\u00e7ene\u011fi:\nEkonomik modellerden l\u00fcks ara\u00e7lara, SUV'den minib\u00fcse kadar bir\u00e7ok segmentte ara\u00e7 se\u00e7ene\u011fi sunuyoruz.<br>\nHer B\u00fct\u00e7eye Uygun Paketler:\nG\u00fcnl\u00fck, haftal\u0131k ya da uzun d\u00f6nem kiralama se\u00e7eneklerimizle b\u00fct\u00e7enize uygun esnek \u00e7\u00f6z\u00fcmler sa\u011fl\u0131yoruz.<br>\n7\/24 M\u00fc\u015fteri Deste\u011fi:\nSeyahatiniz s\u00fcresince herhangi bir aksakl\u0131kta h\u0131zl\u0131 \u00e7\u00f6z\u00fcm sunan profesyonel destek ekibimiz bir telefon kadar uza\u011f\u0131n\u0131zda.<br>\n\u015eeffaf ve S\u00fcrprizsiz Fiyatland\u0131rma:\nT\u00fcm \u00fccretlendirmeler a\u00e7\u0131k\u00e7a belirtilir. Gizli \u00fccret, ekstra masraf yok.<br>\nVIP Kar\u015f\u0131lama ve Teslimat:\nTalebinize g\u00f6re arac\u0131 otelinizde, havaliman\u0131nda veya ofisinizde teslim alabilirsiniz. VIP hizmet se\u00e7enekleriyle konforunuz \u00f6n planda tutulur.<br>\nSigorta ve G\u00fcvence Paketleri:\nTam kapsaml\u0131 sigorta se\u00e7enekleri ve opsiyonel g\u00fcvence paketleri ile her yolculukta i\u00e7iniz rahat olur.<br>\n<\/p>\t\t\t\t<\/div>\n\t\t\t\t<\/div>\n\t\t\t\t\t<\/div>\n\t\t<\/div>\n\t\t\t\t<div class=\"elementor-column elementor-col-50 elementor-top-column elementor-element elementor-element-a632603\" data-id=\"a632603\" data-element_type=\"column\" data-e-type=\"column\">\n\t\t\t<div class=\"elementor-widget-wrap elementor-element-populated\">\n\t\t\t\t\t\t<div class=\"elementor-element elementor-element-f5137f6 elementor-widget elementor-widget-image\" data-id=\"f5137f6\" data-element_type=\"widget\" data-e-type=\"widget\" data-settings=\"{&quot;motion_fx_motion_fx_scrolling&quot;:&quot;yes&quot;,&quot;motion_fx_scale_effect&quot;:&quot;yes&quot;,&quot;motion_fx_scale_speed&quot;:{&quot;unit&quot;:&quot;px&quot;,&quot;size&quot;:&quot;1&quot;,&quot;sizes&quot;:[]},&quot;motion_fx_devices&quot;:[&quot;desktop&quot;,&quot;laptop&quot;],&quot;motion_fx_scale_direction&quot;:&quot;out-in&quot;,&quot;motion_fx_scale_range&quot;:{&quot;unit&quot;:&quot;%&quot;,&quot;size&quot;:&quot;&quot;,&quot;sizes&quot;:{&quot;start&quot;:20,&quot;end&quot;:80}}}\" data-widget_type=\"image.default\">\n\t\t\t\t<div class=\"elementor-widget-container\">\n\t\t\t\t\t\t\t\t\t\t\t\t\t\t\t\t<a href=\"https:\/\/www.businesstravel-hamburg.de\">\n\t\t\t\t\t\t\t<img decoding=\"async\" width=\"1024\" height=\"683\" src=\"https:\/\/travelayt.com\/wp-content\/uploads\/2025\/06\/kiralik-arac-2-1024x683.jpg\" class=\"attachment-large size-large wp-image-8821\" alt=\"\" srcset=\"https:\/\/travelayt.com\/wp-content\/uploads\/2025\/06\/kiralik-arac-2-1024x683.jpg 1024w, https:\/\/travelayt.com\/wp-content\/uploads\/2025\/06\/kiralik-arac-2-300x200.jpg 300w, https:\/\/travelayt.com\/wp-content\/uploads\/2025\/06\/kiralik-arac-2-768x512.jpg 768w, https:\/\/travelayt.com\/wp-content\/uploads\/2025\/06\/kiralik-arac-2-1536x1024.jpg 1536w, https:\/\/travelayt.com\/wp-content\/uploads\/2025\/06\/kiralik-arac-2-600x400.jpg 600w, https:\/\/travelayt.com\/wp-content\/uploads\/2025\/06\/kiralik-arac-2.jpg 1920w\" sizes=\"(max-width: 1024px) 100vw, 1024px\" \/>\t\t\t\t\t\t\t\t<\/a>\n\t\t\t\t\t\t\t\t\t\t\t\t\t\t\t<\/div>\n\t\t\t\t<\/div>\n\t\t\t\t\t<\/div>\n\t\t<\/div>\n\t\t\t\t\t<\/div>\n\t\t<\/section>\n\t\t\t\t<section class=\"elementor-section elementor-top-section elementor-element elementor-element-14490b9 elementor-section-content-middle elementor-section-boxed elementor-section-height-default elementor-section-height-default\" data-id=\"14490b9\" data-element_type=\"section\" data-e-type=\"section\" data-settings=\"{&quot;background_background&quot;:&quot;classic&quot;}\">\n\t\t\t\t\t\t\t<div class=\"elementor-background-overlay\"><\/div>\n\t\t\t\t\t\t\t<div class=\"elementor-container elementor-column-gap-default\">\n\t\t\t\t\t<div class=\"elementor-column elementor-col-50 elementor-top-column elementor-element elementor-element-4fe3803\" data-id=\"4fe3803\" data-element_type=\"column\" data-e-type=\"column\">\n\t\t\t<div class=\"elementor-widget-wrap elementor-element-populated\">\n\t\t\t\t\t\t<div class=\"elementor-element elementor-element-c4a6d25 elementor-widget elementor-widget-image\" data-id=\"c4a6d25\" data-element_type=\"widget\" data-e-type=\"widget\" data-settings=\"{&quot;motion_fx_motion_fx_scrolling&quot;:&quot;yes&quot;,&quot;motion_fx_scale_effect&quot;:&quot;yes&quot;,&quot;motion_fx_scale_speed&quot;:{&quot;unit&quot;:&quot;px&quot;,&quot;size&quot;:&quot;1&quot;,&quot;sizes&quot;:[]},&quot;motion_fx_devices&quot;:[&quot;desktop&quot;,&quot;laptop&quot;],&quot;motion_fx_scale_direction&quot;:&quot;out-in&quot;,&quot;motion_fx_scale_range&quot;:{&quot;unit&quot;:&quot;%&quot;,&quot;size&quot;:&quot;&quot;,&quot;sizes&quot;:{&quot;start&quot;:20,&quot;end&quot;:80}}}\" data-widget_type=\"image.default\">\n\t\t\t\t<div class=\"elementor-widget-container\">\n\t\t\t\t\t\t\t\t\t\t\t\t\t\t\t\t<a href=\"https:\/\/www.businesstravel-hamburg.de\">\n\t\t\t\t\t\t\t<img decoding=\"async\" width=\"1024\" height=\"683\" src=\"https:\/\/travelayt.com\/wp-content\/uploads\/2025\/06\/kiralik-arac-1-1024x683.jpg\" class=\"attachment-large size-large wp-image-8819\" alt=\"\" srcset=\"https:\/\/travelayt.com\/wp-content\/uploads\/2025\/06\/kiralik-arac-1-1024x683.jpg 1024w, https:\/\/travelayt.com\/wp-content\/uploads\/2025\/06\/kiralik-arac-1-300x200.jpg 300w, https:\/\/travelayt.com\/wp-content\/uploads\/2025\/06\/kiralik-arac-1-768x512.jpg 768w, https:\/\/travelayt.com\/wp-content\/uploads\/2025\/06\/kiralik-arac-1-1536x1024.jpg 1536w, https:\/\/travelayt.com\/wp-content\/uploads\/2025\/06\/kiralik-arac-1-600x400.jpg 600w, https:\/\/travelayt.com\/wp-content\/uploads\/2025\/06\/kiralik-arac-1.jpg 1920w\" sizes=\"(max-width: 1024px) 100vw, 1024px\" \/>\t\t\t\t\t\t\t\t<\/a>\n\t\t\t\t\t\t\t\t\t\t\t\t\t\t\t<\/div>\n\t\t\t\t<\/div>\n\t\t\t\t\t<\/div>\n\t\t<\/div>\n\t\t\t\t<div class=\"elementor-column elementor-col-50 elementor-top-column elementor-element elementor-element-ee93654\" data-id=\"ee93654\" data-element_type=\"column\" data-e-type=\"column\">\n\t\t\t<div class=\"elementor-widget-wrap elementor-element-populated\">\n\t\t\t\t\t\t<div class=\"elementor-element elementor-element-a34d30b elementor-headline--style-rotate elementor-widget elementor-widget-animated-headline\" data-id=\"a34d30b\" data-element_type=\"widget\" data-e-type=\"widget\" data-settings=\"{&quot;headline_style&quot;:&quot;rotate&quot;,&quot;animation_type&quot;:&quot;blinds&quot;,&quot;rotate_iteration_delay&quot;:2500}\" data-widget_type=\"animated-headline.default\">\n\t\t\t\t<div class=\"elementor-widget-container\">\n\t\t\t\t\t\t\t<h1 class=\"elementor-headline elementor-headline-animation-type-blinds elementor-headline-letters\">\n\t\t\t\t\t<span class=\"elementor-headline-plain-text elementor-headline-text-wrapper\">Ara\u00e7 Kategorilerimiz<\/span>\n\t\t\t\t<span class=\"elementor-headline-dynamic-wrapper elementor-headline-text-wrapper\">\n\t\t\t\t<\/span>\n\t\t\t\t<\/h1>\n\t\t\t\t\t\t<\/div>\n\t\t\t\t<\/div>\n\t\t\t\t<div class=\"elementor-element elementor-element-47e1ac1 elementor-widget elementor-widget-heading\" data-id=\"47e1ac1\" data-element_type=\"widget\" data-e-type=\"widget\" data-widget_type=\"heading.default\">\n\t\t\t\t<div class=\"elementor-widget-container\">\n\t\t\t\t\t<p class=\"elementor-heading-title elementor-size-default\">Ekonomik Ara\u00e7lar: Uygun fiyatl\u0131, yak\u0131t tasarruflu modeller<br>\n\nAile ve Grup Ara\u00e7lar\u0131: Geni\u015f bagaj hacmi, 5-9 ki\u015filik konforlu ara\u00e7lar<br>\n\nL\u00fcks Ara\u00e7lar: Mercedes, BMW, Audi gibi prestijli modeller<br>\n\nSUV ve Off-Road: G\u00fc\u00e7l\u00fc motor ve arazi uyumlu tasar\u0131m<br>\n\nUzun D\u00f6nem Kiralama: Kurumsal firmalara \u00f6zel filo \u00e7\u00f6z\u00fcmleri<br><\/p>\t\t\t\t<\/div>\n\t\t\t\t<\/div>\n\t\t\t\t\t<\/div>\n\t\t<\/div>\n\t\t\t\t\t<\/div>\n\t\t<\/section>\n\t\t\t\t<section class=\"elementor-section elementor-top-section elementor-element elementor-element-2d2a5ad elementor-section-content-middle elementor-section-boxed elementor-section-height-default elementor-section-height-default\" data-id=\"2d2a5ad\" data-element_type=\"section\" data-e-type=\"section\" data-settings=\"{&quot;background_background&quot;:&quot;classic&quot;}\">\n\t\t\t\t\t\t\t<div class=\"elementor-background-overlay\"><\/div>\n\t\t\t\t\t\t\t<div class=\"elementor-container elementor-column-gap-default\">\n\t\t\t\t\t<div class=\"elementor-column elementor-col-50 elementor-top-column elementor-element elementor-element-e362bfb\" data-id=\"e362bfb\" data-element_type=\"column\" data-e-type=\"column\">\n\t\t\t<div class=\"elementor-widget-wrap elementor-element-populated\">\n\t\t\t\t\t\t<div class=\"elementor-element elementor-element-c883540 elementor-headline--style-rotate elementor-widget elementor-widget-animated-headline\" data-id=\"c883540\" data-element_type=\"widget\" data-e-type=\"widget\" data-settings=\"{&quot;headline_style&quot;:&quot;rotate&quot;,&quot;animation_type&quot;:&quot;blinds&quot;,&quot;rotate_iteration_delay&quot;:2500}\" data-widget_type=\"animated-headline.default\">\n\t\t\t\t<div class=\"elementor-widget-container\">\n\t\t\t\t\t\t\t<h1 class=\"elementor-headline elementor-headline-animation-type-blinds elementor-headline-letters\">\n\t\t\t\t\t<span class=\"elementor-headline-plain-text elementor-headline-text-wrapper\">Nerelerde Hizmet Veriyoruz?<\/span>\n\t\t\t\t<span class=\"elementor-headline-dynamic-wrapper elementor-headline-text-wrapper\">\n\t\t\t\t<\/span>\n\t\t\t\t<\/h1>\n\t\t\t\t\t\t<\/div>\n\t\t\t\t<\/div>\n\t\t\t\t<div class=\"elementor-element elementor-element-23951a1 elementor-widget elementor-widget-heading\" data-id=\"23951a1\" data-element_type=\"widget\" data-e-type=\"widget\" data-widget_type=\"heading.default\">\n\t\t\t\t<div class=\"elementor-widget-container\">\n\t\t\t\t\t<p class=\"elementor-heading-title elementor-size-default\">Ba\u015fta Antalya ve \u00e7evresi olmak \u00fczere, T\u00fcrkiye\u2019nin bir\u00e7ok noktas\u0131nda arac\u0131n\u0131z\u0131 size en yak\u0131n lokasyonda teslim ediyoruz. <br>Ayr\u0131ca yurtd\u0131\u015f\u0131ndan gelen misafirlerimiz i\u00e7in havaliman\u0131 teslim ve d\u00f6n\u00fc\u015fte havaliman\u0131 b\u0131rakma hizmetimiz mevcuttur.<\/p>\t\t\t\t<\/div>\n\t\t\t\t<\/div>\n\t\t\t\t\t<\/div>\n\t\t<\/div>\n\t\t\t\t<div class=\"elementor-column elementor-col-50 elementor-top-column elementor-element elementor-element-dfa9b68\" data-id=\"dfa9b68\" data-element_type=\"column\" data-e-type=\"column\">\n\t\t\t<div class=\"elementor-widget-wrap elementor-element-populated\">\n\t\t\t\t\t\t<div class=\"elementor-element elementor-element-a605a12 elementor-widget elementor-widget-image\" data-id=\"a605a12\" data-element_type=\"widget\" data-e-type=\"widget\" data-settings=\"{&quot;motion_fx_motion_fx_scrolling&quot;:&quot;yes&quot;,&quot;motion_fx_scale_effect&quot;:&quot;yes&quot;,&quot;motion_fx_scale_speed&quot;:{&quot;unit&quot;:&quot;px&quot;,&quot;size&quot;:&quot;1&quot;,&quot;sizes&quot;:[]},&quot;motion_fx_devices&quot;:[&quot;desktop&quot;,&quot;laptop&quot;],&quot;motion_fx_scale_direction&quot;:&quot;out-in&quot;,&quot;motion_fx_scale_range&quot;:{&quot;unit&quot;:&quot;%&quot;,&quot;size&quot;:&quot;&quot;,&quot;sizes&quot;:{&quot;start&quot;:20,&quot;end&quot;:80}}}\" data-widget_type=\"image.default\">\n\t\t\t\t<div class=\"elementor-widget-container\">\n\t\t\t\t\t\t\t\t\t\t\t\t\t\t\t\t<a href=\"https:\/\/www.businesstravel-hamburg.de\">\n\t\t\t\t\t\t\t<img loading=\"lazy\" decoding=\"async\" width=\"1024\" height=\"683\" src=\"https:\/\/travelayt.com\/wp-content\/uploads\/2025\/06\/kiralik-arac-1-1-1024x683.jpg\" class=\"attachment-large size-large wp-image-8820\" alt=\"\" srcset=\"https:\/\/travelayt.com\/wp-content\/uploads\/2025\/06\/kiralik-arac-1-1-1024x683.jpg 1024w, https:\/\/travelayt.com\/wp-content\/uploads\/2025\/06\/kiralik-arac-1-1-300x200.jpg 300w, https:\/\/travelayt.com\/wp-content\/uploads\/2025\/06\/kiralik-arac-1-1-768x512.jpg 768w, https:\/\/travelayt.com\/wp-content\/uploads\/2025\/06\/kiralik-arac-1-1-1536x1024.jpg 1536w, https:\/\/travelayt.com\/wp-content\/uploads\/2025\/06\/kiralik-arac-1-1-600x400.jpg 600w, https:\/\/travelayt.com\/wp-content\/uploads\/2025\/06\/kiralik-arac-1-1.jpg 1920w\" sizes=\"(max-width: 1024px) 100vw, 1024px\" \/>\t\t\t\t\t\t\t\t<\/a>\n\t\t\t\t\t\t\t\t\t\t\t\t\t\t\t<\/div>\n\t\t\t\t<\/div>\n\t\t\t\t\t<\/div>\n\t\t<\/div>\n\t\t\t\t\t<\/div>\n\t\t<\/section>\n\t\t\t\t<\/div>\n\t\t","protected":false},"excerpt":{"rendered":"<p>Ara\u00e7 Kiralama Ara\u00e7 Kiralama Hizmetlerimiz Her Yolculuk \u0130\u00e7in Do\u011fru Ara\u00e7, &nbsp; Travelayt G\u00fcvencesiyle Travelayt olarak, seyahatinizin her a\u015famas\u0131n\u0131 en ince ayr\u0131nt\u0131s\u0131na kadar planl\u0131yor, size sadece keyfini \u00e7\u0131karmay\u0131 b\u0131rak\u0131yoruz. \u0130ster i\u015f seyahati, ister tatil, ister \u00f6zel bir g\u00fcn i\u00e7in olsun; farkl\u0131 ihtiya\u00e7lara hitap eden ara\u00e7 kiralama se\u00e7eneklerimizle yan\u0131n\u0131zday\u0131z. Neden Travelayt&#8217;tan Ara\u00e7 Kiralay\u0131n? Geni\u015f Ara\u00e7 Se\u00e7ene\u011fi: Ekonomik [&hellip;]<\/p>\n","protected":false},"author":1,"featured_media":0,"parent":0,"menu_order":0,"comment_status":"closed","ping_status":"closed","template":"","meta":{"inline_featured_image":false,"footnotes":""},"class_list":["post-8502","page","type-page","status-publish","hentry"],"_links":{"self":[{"href":"https:\/\/travelayt.com\/de\/wp-json\/wp\/v2\/pages\/8502","targetHints":{"allow":["GET"]}}],"collection":[{"href":"https:\/\/travelayt.com\/de\/wp-json\/wp\/v2\/pages"}],"about":[{"href":"https:\/\/travelayt.com\/de\/wp-json\/wp\/v2\/types\/page"}],"author":[{"embeddable":true,"href":"https:\/\/travelayt.com\/de\/wp-json\/wp\/v2\/users\/1"}],"replies":[{"embeddable":true,"href":"https:\/\/travelayt.com\/de\/wp-json\/wp\/v2\/comments?post=8502"}],"version-history":[{"count":10,"href":"https:\/\/travelayt.com\/de\/wp-json\/wp\/v2\/pages\/8502\/revisions"}],"predecessor-version":[{"id":8824,"href":"https:\/\/travelayt.com\/de\/wp-json\/wp\/v2\/pages\/8502\/revisions\/8824"}],"wp:attachment":[{"href":"https:\/\/travelayt.com\/de\/wp-json\/wp\/v2\/media?parent=8502"}],"curies":[{"name":"wp","href":"https:\/\/api.w.org\/{rel}","templated":true}]}}